{"id":5055,"date":"2019-09-06T08:51:30","date_gmt":"2019-09-06T07:51:30","guid":{"rendered":"https:\/\/www.peoplefirst.blog\/?page_id=5055"},"modified":"2020-04-30T14:13:55","modified_gmt":"2020-04-30T12:13:55","slug":"people-first","status":"publish","type":"page","link":"https:\/\/www.peoplefirst.blog\/pt-pt\/people-first\/","title":{"rendered":"People First"},"content":{"rendered":"<p>People first \u00e9 um espa\u00e7o de inspira\u00e7\u00e3o onde as empresas e profissionais podem partilhar conte\u00fados com um eixo comum: as pessoas. De diferentes perspetivas e setores, abordamos diferentes t\u00f3picos, tend\u00eancias e not\u00edcias de interesse humano.<\/p>\n<p>Valores, inova\u00e7\u00e3o, talento, redes sociais, tecnologia, diversidade, comunidade, trabalho, cultura, motiva\u00e7\u00e3o, futuro&#8230; Um universo de palavras que partilham o mesmo conceito: as pessoas.<\/p>\n<p>S\u00e3o muitas as organiza\u00e7\u00f5es e empresas que se preocupam com as pessoas e que est\u00e3o a implementar boas pr\u00e1ticas, de forma an\u00f3nima. Atrav\u00e9s do Blog People First damos-lhe a oportunidade de as conhecer.<\/p>\n<p>Acreditamos nas pessoas que contribuem para o desenvolvimento da sociedade. People First \u00e9 o nosso gr\u00e3o de areia para criar um mundo melhor.<\/p>\n<p><strong>Convidamo-lo a inspirar-se no People first.<\/strong><\/p>\n","protected":false},"excerpt":{"rendered":"<p>People first \u00e9 um espa\u00e7o de inspira\u00e7\u00e3o onde as empresas e profissionais podem partilhar conte\u00fados com um eixo comum: as pessoas. De diferentes perspetivas e setores, abordamos diferentes t\u00f3picos, tend\u00eancias e not\u00edcias de interesse humano.<br \/>\nValores, inova\u00e7\u00e3o, talento, redes sociais, tecnologia, diversidade, comunidade, trabalho, cultura, motiva\u00e7\u00e3o, futuro&#8230; Um universo de palavras que partilham o mesmo conceito: as pessoas.<br \/>\nS\u00e3o muitas as organiza\u00e7\u00f5es e empresas que se preocupam com as pessoas e que est\u00e3o a implementar boas pr\u00e1ticas, de forma an\u00f3nima. Atrav\u00e9s do Blog People First damos-lhe a oportunidade de as conhecer.<br \/>\nAcreditamos nas pessoas que contribuem para o desenvolvimento da sociedade. People First \u00e9 o nosso gr\u00e3o de areia para criar um mundo melhor.<br \/>\nConvidamo-lo a inspirar-se no People first.<\/p>\n","protected":false},"author":1,"featured_media":5117,"parent":0,"menu_order":0,"comment_status":"closed","ping_status":"closed","template":"","meta":{"inline_featured_image":false},"acf":[],"yoast_head":"<!-- This site is optimized with the Yoast SEO plugin v19.2 - https:\/\/yoast.com\/wordpress\/plugins\/seo\/ -->\n<title>People first | People First<\/title>\n<meta name=\"robots\" content=\"index, follow, max-snippet:-1, max-image-preview:large, max-video-preview:-1\" \/>\n<link rel=\"canonical\" href=\"https:\/\/www.peoplefirst.blog\/pt-pt\/people-first\/\" \/>\n<meta property=\"og:locale\" content=\"pt_PT\" \/>\n<meta property=\"og:type\" content=\"article\" \/>\n<meta property=\"og:title\" content=\"People first | People First\" \/>\n<meta property=\"og:description\" content=\"People first \u00e9 um espa\u00e7o de inspira\u00e7\u00e3o onde as empresas e profissionais podem partilhar conte\u00fados com um eixo comum: as pessoas. De diferentes perspetivas e setores, abordamos diferentes t\u00f3picos, tend\u00eancias e not\u00edcias de interesse humano. Valores, inova\u00e7\u00e3o, talento, redes sociais, tecnologia, diversidade, comunidade, trabalho, cultura, motiva\u00e7\u00e3o, futuro&#8230; Um universo de palavras que partilham o mesmo conceito: as pessoas. S\u00e3o muitas as organiza\u00e7\u00f5es e empresas que se preocupam com as pessoas e que est\u00e3o a implementar boas pr\u00e1ticas, de forma an\u00f3nima. Atrav\u00e9s do Blog People First damos-lhe a oportunidade de as conhecer. Acreditamos nas pessoas que contribuem para o desenvolvimento da sociedade. People First \u00e9 o nosso gr\u00e3o de areia para criar um mundo melhor. Convidamo-lo a inspirar-se no People first.\" \/>\n<meta property=\"og:url\" content=\"https:\/\/www.peoplefirst.blog\/pt-pt\/people-first\/\" \/>\n<meta property=\"og:site_name\" content=\"People first\" \/>\n<meta property=\"article:modified_time\" content=\"2020-04-30T12:13:55+00:00\" \/>\n<meta property=\"og:image\" content=\"https:\/\/www.peoplefirst.blog\/wp-content\/uploads\/2019\/09\/Sobre-Nosotros-Imatge-destacada-3744x2112px-1.png\" \/>\n\t<meta property=\"og:image:width\" content=\"3744\" \/>\n\t<meta property=\"og:image:height\" content=\"2112\" \/>\n\t<meta property=\"og:image:type\" content=\"image\/png\" \/>\n<meta name=\"author\" content=\"People first | A project by Eurofirms\" \/>\n<meta name=\"twitter:card\" content=\"summary_large_image\" \/>\n<meta name=\"twitter:label1\" content=\"Tempo estimado de leitura\" \/>\n\t<meta name=\"twitter:data1\" content=\"1 minuto\" \/>\n<script type=\"application\/ld+json\" class=\"yoast-schema-graph\">{\"@context\":\"https:\/\/schema.org\",\"@graph\":[{\"@type\":\"WebSite\",\"@id\":\"https:\/\/www.peoplefirst.blog\/#website\",\"url\":\"https:\/\/www.peoplefirst.blog\/\",\"name\":\"People first\",\"description\":\"A project by Eurofirms Group\",\"potentialAction\":[{\"@type\":\"SearchAction\",\"target\":{\"@type\":\"EntryPoint\",\"urlTemplate\":\"https:\/\/www.peoplefirst.blog\/?s={search_term_string}\"},\"query-input\":\"required name=search_term_string\"}],\"inLanguage\":\"pt-PT\"},{\"@type\":\"ImageObject\",\"inLanguage\":\"pt-PT\",\"@id\":\"https:\/\/www.peoplefirst.blog\/pt-pt\/people-first\/#primaryimage\",\"url\":\"https:\/\/www.peoplefirst.blog\/wp-content\/uploads\/2019\/09\/Sobre-Nosotros-Imatge-destacada-3744x2112px-1.png\",\"contentUrl\":\"https:\/\/www.peoplefirst.blog\/wp-content\/uploads\/2019\/09\/Sobre-Nosotros-Imatge-destacada-3744x2112px-1.png\",\"width\":3744,\"height\":2112},{\"@type\":\"WebPage\",\"@id\":\"https:\/\/www.peoplefirst.blog\/pt-pt\/people-first\/#webpage\",\"url\":\"https:\/\/www.peoplefirst.blog\/pt-pt\/people-first\/\",\"name\":\"People first | People First\",\"isPartOf\":{\"@id\":\"https:\/\/www.peoplefirst.blog\/#website\"},\"primaryImageOfPage\":{\"@id\":\"https:\/\/www.peoplefirst.blog\/pt-pt\/people-first\/#primaryimage\"},\"datePublished\":\"2019-09-06T07:51:30+00:00\",\"dateModified\":\"2020-04-30T12:13:55+00:00\",\"breadcrumb\":{\"@id\":\"https:\/\/www.peoplefirst.blog\/pt-pt\/people-first\/#breadcrumb\"},\"inLanguage\":\"pt-PT\",\"potentialAction\":[{\"@type\":\"ReadAction\",\"target\":[\"https:\/\/www.peoplefirst.blog\/pt-pt\/people-first\/\"]}]},{\"@type\":\"BreadcrumbList\",\"@id\":\"https:\/\/www.peoplefirst.blog\/pt-pt\/people-first\/#breadcrumb\",\"itemListElement\":[{\"@type\":\"ListItem\",\"position\":1,\"name\":\"Portada\",\"item\":\"https:\/\/www.peoplefirst.blog\/\"},{\"@type\":\"ListItem\",\"position\":2,\"name\":\"People First\"}]}]}<\/script>\n<!-- \/ Yoast SEO plugin. -->","yoast_head_json":{"title":"People first | People First","robots":{"index":"index","follow":"follow","max-snippet":"max-snippet:-1","max-image-preview":"max-image-preview:large","max-video-preview":"max-video-preview:-1"},"canonical":"https:\/\/www.peoplefirst.blog\/pt-pt\/people-first\/","og_locale":"pt_PT","og_type":"article","og_title":"People first | People First","og_description":"People first \u00e9 um espa\u00e7o de inspira\u00e7\u00e3o onde as empresas e profissionais podem partilhar conte\u00fados com um eixo comum: as pessoas. De diferentes perspetivas e setores, abordamos diferentes t\u00f3picos, tend\u00eancias e not\u00edcias de interesse humano. Valores, inova\u00e7\u00e3o, talento, redes sociais, tecnologia, diversidade, comunidade, trabalho, cultura, motiva\u00e7\u00e3o, futuro&#8230; Um universo de palavras que partilham o mesmo conceito: as pessoas. S\u00e3o muitas as organiza\u00e7\u00f5es e empresas que se preocupam com as pessoas e que est\u00e3o a implementar boas pr\u00e1ticas, de forma an\u00f3nima. Atrav\u00e9s do Blog People First damos-lhe a oportunidade de as conhecer. Acreditamos nas pessoas que contribuem para o desenvolvimento da sociedade. People First \u00e9 o nosso gr\u00e3o de areia para criar um mundo melhor. Convidamo-lo a inspirar-se no People first.","og_url":"https:\/\/www.peoplefirst.blog\/pt-pt\/people-first\/","og_site_name":"People first","article_modified_time":"2020-04-30T12:13:55+00:00","og_image":[{"width":3744,"height":2112,"url":"https:\/\/www.peoplefirst.blog\/wp-content\/uploads\/2019\/09\/Sobre-Nosotros-Imatge-destacada-3744x2112px-1.png","type":"image\/png"}],"author":"People first | A project by Eurofirms","twitter_card":"summary_large_image","twitter_misc":{"Tempo estimado de leitura":"1 minuto"},"schema":{"@context":"https:\/\/schema.org","@graph":[{"@type":"WebSite","@id":"https:\/\/www.peoplefirst.blog\/#website","url":"https:\/\/www.peoplefirst.blog\/","name":"People first","description":"A project by Eurofirms Group","potentialAction":[{"@type":"SearchAction","target":{"@type":"EntryPoint","urlTemplate":"https:\/\/www.peoplefirst.blog\/?s={search_term_string}"},"query-input":"required name=search_term_string"}],"inLanguage":"pt-PT"},{"@type":"ImageObject","inLanguage":"pt-PT","@id":"https:\/\/www.peoplefirst.blog\/pt-pt\/people-first\/#primaryimage","url":"https:\/\/www.peoplefirst.blog\/wp-content\/uploads\/2019\/09\/Sobre-Nosotros-Imatge-destacada-3744x2112px-1.png","contentUrl":"https:\/\/www.peoplefirst.blog\/wp-content\/uploads\/2019\/09\/Sobre-Nosotros-Imatge-destacada-3744x2112px-1.png","width":3744,"height":2112},{"@type":"WebPage","@id":"https:\/\/www.peoplefirst.blog\/pt-pt\/people-first\/#webpage","url":"https:\/\/www.peoplefirst.blog\/pt-pt\/people-first\/","name":"People first | People First","isPartOf":{"@id":"https:\/\/www.peoplefirst.blog\/#website"},"primaryImageOfPage":{"@id":"https:\/\/www.peoplefirst.blog\/pt-pt\/people-first\/#primaryimage"},"datePublished":"2019-09-06T07:51:30+00:00","dateModified":"2020-04-30T12:13:55+00:00","breadcrumb":{"@id":"https:\/\/www.peoplefirst.blog\/pt-pt\/people-first\/#breadcrumb"},"inLanguage":"pt-PT","potentialAction":[{"@type":"ReadAction","target":["https:\/\/www.peoplefirst.blog\/pt-pt\/people-first\/"]}]},{"@type":"BreadcrumbList","@id":"https:\/\/www.peoplefirst.blog\/pt-pt\/people-first\/#breadcrumb","itemListElement":[{"@type":"ListItem","position":1,"name":"Portada","item":"https:\/\/www.peoplefirst.blog\/"},{"@type":"ListItem","position":2,"name":"People First"}]}]}},"_links":{"self":[{"href":"https:\/\/www.peoplefirst.blog\/pt-pt\/wp-json\/wp\/v2\/pages\/5055"}],"collection":[{"href":"https:\/\/www.peoplefirst.blog\/pt-pt\/wp-json\/wp\/v2\/pages"}],"about":[{"href":"https:\/\/www.peoplefirst.blog\/pt-pt\/wp-json\/wp\/v2\/types\/page"}],"author":[{"embeddable":true,"href":"https:\/\/www.peoplefirst.blog\/pt-pt\/wp-json\/wp\/v2\/users\/1"}],"replies":[{"embeddable":true,"href":"https:\/\/www.peoplefirst.blog\/pt-pt\/wp-json\/wp\/v2\/comments?post=5055"}],"version-history":[{"count":7,"href":"https:\/\/www.peoplefirst.blog\/pt-pt\/wp-json\/wp\/v2\/pages\/5055\/revisions"}],"predecessor-version":[{"id":6102,"href":"https:\/\/www.peoplefirst.blog\/pt-pt\/wp-json\/wp\/v2\/pages\/5055\/revisions\/6102"}],"wp:featuredmedia":[{"embeddable":true,"href":"https:\/\/www.peoplefirst.blog\/pt-pt\/wp-json\/wp\/v2\/media\/5117"}],"wp:attachment":[{"href":"https:\/\/www.peoplefirst.blog\/pt-pt\/wp-json\/wp\/v2\/media?parent=5055"}],"curies":[{"name":"wp","href":"https:\/\/api.w.org\/{rel}","templated":true}]}}