{"id":4063,"date":"2019-07-15T14:34:10","date_gmt":"2019-07-15T13:34:10","guid":{"rendered":"https:\/\/www.peoplefirst.blog\/?page_id=4063"},"modified":"2021-06-04T11:28:00","modified_gmt":"2021-06-04T09:28:00","slug":"people-words","status":"publish","type":"page","link":"https:\/\/www.peoplefirst.blog\/pt-pt\/people-words\/","title":{"rendered":"People Words"},"content":{"rendered":"<p>Descubra os novos conceitos relacionados com a gest\u00e3o de pessoas<\/p>\n<div class=\"ef-people-words\"><div class=\"ef-filter\"><div class=\"ef-letter active\" data-letter=\"a-pt-pt\">A<\/div><div class=\"ef-letter \" data-letter=\"c-pt-pt\">C<\/div><div class=\"ef-letter \" data-letter=\"e-pt-pt\">E<\/div><div class=\"ef-letter \" data-letter=\"f-pt-pt\">F<\/div><div class=\"ef-letter \" data-letter=\"g-pt-pt\">G<\/div><div class=\"ef-letter \" data-letter=\"i-pt-pt\">I<\/div><div class=\"ef-letter \" data-letter=\"j-pt-pt\">J<\/div><div class=\"ef-letter \" data-letter=\"l-pt-pt\">L<\/div><div class=\"ef-letter \" data-letter=\"m-pt-pt\">M<\/div><div class=\"ef-letter \" data-letter=\"n-pt-pt\">N<\/div><div class=\"ef-letter \" data-letter=\"o-pt-pt\">O<\/div><div class=\"ef-letter \" data-letter=\"p-pt-pt\">P<\/div><div class=\"ef-letter \" data-letter=\"r-pt-pt\">R<\/div><div class=\"ef-letter \" data-letter=\"s-pt-pt\">S<\/div><div class=\"ef-letter \" data-letter=\"t-pt-pt\">T<\/div><div class=\"ef-letter \" data-letter=\"v-pt-pt\">V<\/div><div class=\"ef-letter \" data-letter=\"w-pt-pt\">W<\/div><div class=\"ef-letter \" data-letter=\"z-pt-pt\">Z<\/div><\/div><div class=\"ef-words\"><div class=\"ef-column-left ef-column\"><div class=\"ef-word\"><div class=\"ef-word-single\"><img src=\"https:\/\/www.peoplefirst.blog\/wp-content\/plugins\/people-words\/img\/arrow.svg\">Agradecer<\/div><div class=\"ef-word-content\"><p>Agradecer pelo trabalho realizado. Quem n\u00e3o se sente bem quando reconhecem o seu compromisso e profissionalismo?<\/p>\n<ul class=\"ef-related-posts\"><li><a href=\"https:\/\/www.peoplefirst.blog\/pt-pt\/6-exercicios-para-agradecer\/\">6 exerc\u00edcios para agradecer<\/a><\/li><li><a href=\"https:\/\/www.peoplefirst.blog\/pt-pt\/as-muitas-vantagens-de-agradecer\/\">As muitas vantagens de agradecer<\/a><\/li><\/ul><\/div><\/div><\/div><!-- .ef-column-lef --><div class=\"ef-column-right ef-column\"><\/div><!-- .ef-column-right --><\/div><\/div>\n","protected":false},"excerpt":{"rendered":"<p>Descubra os novos conceitos relacionados com a gest\u00e3o de pessoas<br \/>\nACEFGIJLMNOPRSTVWZAgradecerAgradecer pelo trabalho realizado. Quem n\u00e3o se sente bem quando reconhecem o seu compromisso e profissionalismo?<br \/>\n6 exerc\u00edcios para agradecerAs muitas vantagens de agradecer<\/p>\n","protected":false},"author":1,"featured_media":8237,"parent":0,"menu_order":0,"comment_status":"closed","ping_status":"closed","template":"people-words.php","meta":{"inline_featured_image":false},"acf":[],"yoast_head":"<!-- This site is optimized with the Yoast SEO plugin v19.2 - https:\/\/yoast.com\/wordpress\/plugins\/seo\/ -->\n<title>People first | People Words<\/title>\n<meta name=\"robots\" content=\"index, follow, max-snippet:-1, max-image-preview:large, max-video-preview:-1\" \/>\n<link rel=\"canonical\" href=\"https:\/\/www.peoplefirst.blog\/pt-pt\/people-words\/\" \/>\n<meta property=\"og:locale\" content=\"pt_PT\" \/>\n<meta property=\"og:type\" content=\"article\" \/>\n<meta property=\"og:title\" content=\"People first | People Words\" \/>\n<meta property=\"og:description\" content=\"Descubra os novos conceitos relacionados com a gest\u00e3o de pessoas ACEFGIJLMNOPRSTVWZAgradecerAgradecer pelo trabalho realizado. Quem n\u00e3o se sente bem quando reconhecem o seu compromisso e profissionalismo? 6 exerc\u00edcios para agradecerAs muitas vantagens de agradecer\" \/>\n<meta property=\"og:url\" content=\"https:\/\/www.peoplefirst.blog\/pt-pt\/people-words\/\" \/>\n<meta property=\"og:site_name\" content=\"People first\" \/>\n<meta property=\"article:modified_time\" content=\"2021-06-04T09:28:00+00:00\" \/>\n<meta property=\"og:image\" content=\"https:\/\/www.peoplefirst.blog\/wp-content\/uploads\/2021\/06\/People_Words_Banner_Gran_PT.png\" \/>\n\t<meta property=\"og:image:width\" content=\"5394\" \/>\n\t<meta property=\"og:image:height\" content=\"798\" \/>\n\t<meta property=\"og:image:type\" content=\"image\/png\" \/>\n<meta name=\"author\" content=\"People first | A project by Eurofirms\" \/>\n<meta name=\"twitter:card\" content=\"summary_large_image\" \/>\n<script type=\"application\/ld+json\" class=\"yoast-schema-graph\">{\"@context\":\"https:\/\/schema.org\",\"@graph\":[{\"@type\":\"WebSite\",\"@id\":\"https:\/\/www.peoplefirst.blog\/#website\",\"url\":\"https:\/\/www.peoplefirst.blog\/\",\"name\":\"People first\",\"description\":\"A project by Eurofirms Group\",\"potentialAction\":[{\"@type\":\"SearchAction\",\"target\":{\"@type\":\"EntryPoint\",\"urlTemplate\":\"https:\/\/www.peoplefirst.blog\/?s={search_term_string}\"},\"query-input\":\"required name=search_term_string\"}],\"inLanguage\":\"pt-PT\"},{\"@type\":\"ImageObject\",\"inLanguage\":\"pt-PT\",\"@id\":\"https:\/\/www.peoplefirst.blog\/pt-pt\/people-words\/#primaryimage\",\"url\":\"https:\/\/www.peoplefirst.blog\/wp-content\/uploads\/2021\/06\/People_Words_Banner_Gran_PT.png\",\"contentUrl\":\"https:\/\/www.peoplefirst.blog\/wp-content\/uploads\/2021\/06\/People_Words_Banner_Gran_PT.png\",\"width\":5394,\"height\":798},{\"@type\":\"WebPage\",\"@id\":\"https:\/\/www.peoplefirst.blog\/pt-pt\/people-words\/#webpage\",\"url\":\"https:\/\/www.peoplefirst.blog\/pt-pt\/people-words\/\",\"name\":\"People first | People Words\",\"isPartOf\":{\"@id\":\"https:\/\/www.peoplefirst.blog\/#website\"},\"primaryImageOfPage\":{\"@id\":\"https:\/\/www.peoplefirst.blog\/pt-pt\/people-words\/#primaryimage\"},\"datePublished\":\"2019-07-15T13:34:10+00:00\",\"dateModified\":\"2021-06-04T09:28:00+00:00\",\"breadcrumb\":{\"@id\":\"https:\/\/www.peoplefirst.blog\/pt-pt\/people-words\/#breadcrumb\"},\"inLanguage\":\"pt-PT\",\"potentialAction\":[{\"@type\":\"ReadAction\",\"target\":[\"https:\/\/www.peoplefirst.blog\/pt-pt\/people-words\/\"]}]},{\"@type\":\"BreadcrumbList\",\"@id\":\"https:\/\/www.peoplefirst.blog\/pt-pt\/people-words\/#breadcrumb\",\"itemListElement\":[{\"@type\":\"ListItem\",\"position\":1,\"name\":\"Portada\",\"item\":\"https:\/\/www.peoplefirst.blog\/\"},{\"@type\":\"ListItem\",\"position\":2,\"name\":\"People Words\"}]}]}<\/script>\n<!-- \/ Yoast SEO plugin. -->","yoast_head_json":{"title":"People first | People Words","robots":{"index":"index","follow":"follow","max-snippet":"max-snippet:-1","max-image-preview":"max-image-preview:large","max-video-preview":"max-video-preview:-1"},"canonical":"https:\/\/www.peoplefirst.blog\/pt-pt\/people-words\/","og_locale":"pt_PT","og_type":"article","og_title":"People first | People Words","og_description":"Descubra os novos conceitos relacionados com a gest\u00e3o de pessoas ACEFGIJLMNOPRSTVWZAgradecerAgradecer pelo trabalho realizado. Quem n\u00e3o se sente bem quando reconhecem o seu compromisso e profissionalismo? 6 exerc\u00edcios para agradecerAs muitas vantagens de agradecer","og_url":"https:\/\/www.peoplefirst.blog\/pt-pt\/people-words\/","og_site_name":"People first","article_modified_time":"2021-06-04T09:28:00+00:00","og_image":[{"width":5394,"height":798,"url":"https:\/\/www.peoplefirst.blog\/wp-content\/uploads\/2021\/06\/People_Words_Banner_Gran_PT.png","type":"image\/png"}],"author":"People first | A project by Eurofirms","twitter_card":"summary_large_image","schema":{"@context":"https:\/\/schema.org","@graph":[{"@type":"WebSite","@id":"https:\/\/www.peoplefirst.blog\/#website","url":"https:\/\/www.peoplefirst.blog\/","name":"People first","description":"A project by Eurofirms Group","potentialAction":[{"@type":"SearchAction","target":{"@type":"EntryPoint","urlTemplate":"https:\/\/www.peoplefirst.blog\/?s={search_term_string}"},"query-input":"required name=search_term_string"}],"inLanguage":"pt-PT"},{"@type":"ImageObject","inLanguage":"pt-PT","@id":"https:\/\/www.peoplefirst.blog\/pt-pt\/people-words\/#primaryimage","url":"https:\/\/www.peoplefirst.blog\/wp-content\/uploads\/2021\/06\/People_Words_Banner_Gran_PT.png","contentUrl":"https:\/\/www.peoplefirst.blog\/wp-content\/uploads\/2021\/06\/People_Words_Banner_Gran_PT.png","width":5394,"height":798},{"@type":"WebPage","@id":"https:\/\/www.peoplefirst.blog\/pt-pt\/people-words\/#webpage","url":"https:\/\/www.peoplefirst.blog\/pt-pt\/people-words\/","name":"People first | People Words","isPartOf":{"@id":"https:\/\/www.peoplefirst.blog\/#website"},"primaryImageOfPage":{"@id":"https:\/\/www.peoplefirst.blog\/pt-pt\/people-words\/#primaryimage"},"datePublished":"2019-07-15T13:34:10+00:00","dateModified":"2021-06-04T09:28:00+00:00","breadcrumb":{"@id":"https:\/\/www.peoplefirst.blog\/pt-pt\/people-words\/#breadcrumb"},"inLanguage":"pt-PT","potentialAction":[{"@type":"ReadAction","target":["https:\/\/www.peoplefirst.blog\/pt-pt\/people-words\/"]}]},{"@type":"BreadcrumbList","@id":"https:\/\/www.peoplefirst.blog\/pt-pt\/people-words\/#breadcrumb","itemListElement":[{"@type":"ListItem","position":1,"name":"Portada","item":"https:\/\/www.peoplefirst.blog\/"},{"@type":"ListItem","position":2,"name":"People Words"}]}]}},"_links":{"self":[{"href":"https:\/\/www.peoplefirst.blog\/pt-pt\/wp-json\/wp\/v2\/pages\/4063"}],"collection":[{"href":"https:\/\/www.peoplefirst.blog\/pt-pt\/wp-json\/wp\/v2\/pages"}],"about":[{"href":"https:\/\/www.peoplefirst.blog\/pt-pt\/wp-json\/wp\/v2\/types\/page"}],"author":[{"embeddable":true,"href":"https:\/\/www.peoplefirst.blog\/pt-pt\/wp-json\/wp\/v2\/users\/1"}],"replies":[{"embeddable":true,"href":"https:\/\/www.peoplefirst.blog\/pt-pt\/wp-json\/wp\/v2\/comments?post=4063"}],"version-history":[{"count":7,"href":"https:\/\/www.peoplefirst.blog\/pt-pt\/wp-json\/wp\/v2\/pages\/4063\/revisions"}],"predecessor-version":[{"id":8243,"href":"https:\/\/www.peoplefirst.blog\/pt-pt\/wp-json\/wp\/v2\/pages\/4063\/revisions\/8243"}],"wp:featuredmedia":[{"embeddable":true,"href":"https:\/\/www.peoplefirst.blog\/pt-pt\/wp-json\/wp\/v2\/media\/8237"}],"wp:attachment":[{"href":"https:\/\/www.peoplefirst.blog\/pt-pt\/wp-json\/wp\/v2\/media?parent=4063"}],"curies":[{"name":"wp","href":"https:\/\/api.w.org\/{rel}","templated":true}]}}