{"id":2849,"date":"2016-05-04T09:31:53","date_gmt":"2016-05-04T09:31:53","guid":{"rendered":"https:\/\/www.peoplefirst.blog\/politica-de-cookies\/"},"modified":"2019-11-07T15:58:01","modified_gmt":"2019-11-07T14:58:01","slug":"politica-de-cookies","status":"publish","type":"page","link":"https:\/\/www.peoplefirst.blog\/pt-pt\/politica-de-cookies\/","title":{"rendered":"Pol\u00edtica de cookies"},"content":{"rendered":"<section class=\"avis-legal01 wrapper\">\n<div class=\"row\">\n<div class=\"col sm-8 lg-6 is-centered\">\n<h1 style=\"text-align: justify;\"><span style=\"font-size: 36px;\">Pol\u00edtica de Cookies<\/span><\/h1>\n<\/div>\n<div class=\"col sm-10 lg-8 is-centered\">\n<p style=\"text-align: justify;\">Um<em>\u00a0cookie<\/em>\u00a0\u00e9 um pequeno ficheiro de texto que se armazena no seu navegador quando visita qualquer p\u00e1gina web. A sua utilidade \u00e9 que a web seja capaz de recordar a sua visita quando voltar a navegar por essa p\u00e1gina. Os\u00a0<em>cookies<\/em>\u00a0costumam guardar informa\u00e7\u00e3o de car\u00e1ter t\u00e9cnico, prefer\u00eancias pessoais, personaliza\u00e7\u00e3o de conte\u00fados, estat\u00edsticas de uso, links para redes sociais, acesso a contas de utilizador, etc. O objetivo dos\u00a0<em>cookies<\/em>\u00a0\u00e9 adaptar o conte\u00fado da web ao seu perfil e necessidades. Sem\u00a0<em>cookies<\/em>, os servi\u00e7os oferecidos por qualquer p\u00e1gina seriam consideravelmente menos.<\/p>\n<h3><\/h3>\n<h3 style=\"text-align: justify;\"><strong>Cookies utilizados neste site<\/strong><\/h3>\n<p style=\"text-align: justify;\">Conforme as diretivas da Ag\u00eancia Espanhola de Prote\u00e7\u00e3o de Dados, detalhamos o uso de\u00a0<em>cookies<\/em>\u00a0que este site faz com o objetivo de o\/a informar com a maior exatid\u00e3o poss\u00edvel.<\/p>\n<p>Este site utiliza os seguintes\u00a0<strong><em>cookies<\/em>\u00a0pr\u00f3prios:<\/strong><\/p>\n<ul style=\"text-align: justify;\">\n<li><em>Cookies<\/em>\u00a0de sess\u00e3o, para garantir que os utilizadores que escrevem coment\u00e1rios no blogue sejam seres humanos e n\u00e3o aplica\u00e7\u00f5es automatizadas. Desta forma combate-se o spam.<\/li>\n<\/ul>\n<p>Este site utiliza os seguintes\u00a0<strong><em>cookies<\/em>\u00a0de terceiros<\/strong>:<\/p>\n<ul style=\"text-align: justify;\">\n<li>Google Analytics: Armazena\u00a0<em>cookies<\/em>\u00a0para poder elaborar estat\u00edsticas sobre o tr\u00e1fico e volume de visitas desta web. Ao utilizar este site est\u00e1 a autorizar o tratamento de informa\u00e7\u00e3o acerca de si pelo Google. Portanto, o exerc\u00edcio de qualquer direito neste sentido dever\u00e1 ser feito contactando diretamente com o Google.<\/li>\n<li>Redes sociais: Cada rede social utiliza os seus pr\u00f3prios\u00a0<em>cookies<\/em>\u00a0para que possa clicar em bot\u00f5es do tipo<em>Gosto<\/em>\u00a0ou\u00a0<em>Partilhar<\/em>.<\/li>\n<\/ul>\n<h3><\/h3>\n<h3><strong>Desativa\u00e7\u00e3o ou elimina\u00e7\u00e3o de Cookies<\/strong><\/h3>\n<p>Poder\u00e1 exercer o seu direito de desativa\u00e7\u00e3o ou elimina\u00e7\u00e3o de\u00a0<em>cookies<\/em>\u00a0deste site em qualquer momento. Estas a\u00e7\u00f5es s\u00e3o efetuadas de forma diferente, dependendo do navegador que estiver a utilizar.<\/p>\n<p><a href=\"https:\/\/support.google.com\/chrome\/bin\/answer.py?hl=es&amp;answer=95647\" target=\"_blank\" rel=\"nofollow external noopener noreferrer\" data-wpel-link=\"external\">Chrome<\/a><br \/>\n<a href=\"https:\/\/support.microsoft.com\/es-es\/help\/17442\/windows-internet-explorer-delete-manage-cookies\" target=\"_blank\" rel=\"nofollow external noopener noreferrer\" data-wpel-link=\"external\">Explorer<\/a><br \/>\n<a href=\"https:\/\/support.mozilla.org\/es\/kb\/habilitar-y-deshabilitar-cookies-que-los-sitios-we\" target=\"_blank\" rel=\"nofollow external noopener noreferrer\" data-wpel-link=\"external\">Firefox<\/a><br \/>\n<a href=\"https:\/\/support.apple.com\/kb\/ph5042\" target=\"_blank\" rel=\"nofollow external noopener noreferrer\" data-wpel-link=\"external\">Safari<\/a><\/p>\n<p>[gadwp_useroptout html_tag=&#8221;button&#8221;]Desactivar Google Analytics[\/gadwp_useroptout]<\/p>\n<h3><\/h3>\n<h3 style=\"text-align: justify;\"><strong>Notas adicionais:<\/strong><\/h3>\n<ul>\n<li>Nem esta web nem os seus representantes legais s\u00e3o respons\u00e1veis do conte\u00fado e da veracidade das pol\u00edticas de privacidade que possam ter os terceiros mencionados nesta pol\u00edtica de\u00a0<em>cookies<\/em>.<\/li>\n<li>Os navegadores web s\u00e3o as ferramentas encarregadas de armazenar os\u00a0<em>cookies<\/em>, e \u00e9 atrav\u00e9s dos navegadores que deve exercer o seu direito de elimina\u00e7\u00e3o ou desativa\u00e7\u00e3o dos\u00a0<em>cookies<\/em>. Nem esta web nem os seus representantes legais podem garantir a correta ou incorreta manipula\u00e7\u00e3o dos\u00a0<em>cookies<\/em>\u00a0por parte dos mencionados navegadores.<\/li>\n<li>Em alguns casos \u00e9 necess\u00e1rio instalar\u00a0<em>cookies<\/em>\u00a0para que o navegador n\u00e3o esque\u00e7a a sua decis\u00e3o de n\u00e3o aceita\u00e7\u00e3o dos mesmos.<\/li>\n<li>No caso dos\u00a0<em>cookies<\/em>\u00a0da Google Analytics, esta empresa armazena os\u00a0<em>cookies<\/em>\u00a0em servidores localizados nos Estados Unidos e compromete-se a n\u00e3o os partilhar com terceiros, exceto nos casos em que tal seja necess\u00e1rio para o funcionamento do sistema ou quando a lei assim o obrigue. De acordo com o Google, o seu endere\u00e7o IP n\u00e3o \u00e9 guardado. A Google Inc. \u00e9 uma empresa que aderiu ao Acordo Porto Seguro, que garante que todos os dados transferidos ser\u00e3o tratados com um n\u00edvel de prote\u00e7\u00e3o conforme \u00e0 normativa europeia. Se pretender obter mais informa\u00e7\u00e3o acerca do uso que o Google d\u00e1 aos\u00a0<em>cookies<\/em>,\u00a0<a href=\"https:\/\/developers.google.com\/analytics\/devguides\/collection\/analyticsjs\/cookie-usage?hl=es&amp;csw=1\" target=\"_blank\" rel=\"noopener noreferrer\">consulte este outro link<\/a>.<\/li>\n<li>Para esclarecer qualquer d\u00favida acerca desta pol\u00edtica de\u00a0<em>cookies<\/em>, n\u00e3o hesite em contactar-nos atrav\u00e9s da sec\u00e7\u00e3o de contacto.<\/li>\n<\/ul>\n<\/div>\n<\/div>\n<\/section>\n<p>&nbsp;<\/p>\n","protected":false},"excerpt":{"rendered":"<p>Pol\u00edtica de Cookies<\/p>\n<p>Um\u00a0cookie\u00a0\u00e9 um pequeno ficheiro de texto que se armazena no seu navegador quando visita qualquer p\u00e1gina web. A sua utilidade \u00e9 que a web seja capaz de recordar a sua visita quando voltar a navegar por essa p\u00e1gina. Os\u00a0cookies\u00a0costumam guardar informa\u00e7\u00e3o de car\u00e1ter t\u00e9cnico, prefer\u00eancias pessoais, personaliza\u00e7\u00e3o de conte\u00fados, estat\u00edsticas de uso, links para redes sociais, acesso a contas de utilizador, etc. O objetivo dos\u00a0cookies\u00a0\u00e9 adaptar o conte\u00fado da web ao seu perfil e necessidades. Sem\u00a0cookies, os servi\u00e7os oferecidos por qualquer p\u00e1gina seriam consideravelmente menos.<\/p>\n<p>Cookies utilizados neste site<br \/>\nConforme as diretivas da Ag\u00eancia Espanhola de Prote\u00e7\u00e3o de Dados, detalhamos o uso de\u00a0cookies\u00a0que este site faz com o objetivo de o\/a informar com a maior exatid\u00e3o poss\u00edvel.<br \/>\nEste site utiliza os seguintes\u00a0cookies\u00a0pr\u00f3prios:<\/p>\n<p>Cookies\u00a0de sess\u00e3o, para garantir que os utilizadores que escrevem coment\u00e1rios no blogue sejam seres humanos e n\u00e3o aplica\u00e7\u00f5es automatizadas. Desta forma combate-se o spam.<\/p>\n<p>Este site utiliza os seguintes\u00a0cookies\u00a0de terceiros:<\/p>\n<p>Google Analytics: Armazena\u00a0cookies\u00a0para poder elaborar estat\u00edsticas sobre o tr\u00e1fico e volume de visitas desta web. Ao utilizar este site est\u00e1 a autorizar o tratamento de informa\u00e7\u00e3o acerca de si pelo Google. Portanto, o exerc\u00edcio de qualquer direito neste sentido dever\u00e1 ser feito contactando diretamente com o Google.<br \/>\nRedes sociais: Cada rede social utiliza os seus pr\u00f3prios\u00a0cookies\u00a0para que possa clicar em bot\u00f5es do tipoGosto\u00a0ou\u00a0Partilhar.<\/p>\n<p>Desativa\u00e7\u00e3o ou elimina\u00e7\u00e3o de Cookies<br \/>\nPoder\u00e1 exercer o seu direito de desativa\u00e7\u00e3o ou elimina\u00e7\u00e3o de\u00a0cookies\u00a0deste site em qualquer momento. Estas a\u00e7\u00f5es s\u00e3o efetuadas de forma diferente, dependendo do navegador que estiver a utilizar.<br \/>\nChrome<br \/>\nExplorer<br \/>\nFirefox<br \/>\nSafari<br \/>\n[gadwp_useroptout html_tag=&#8221;button&#8221;]Desactivar Google Analytics[\/gadwp_useroptout]<\/p>\n<p>Notas adicionais:<\/p>\n<p>Nem esta web nem os seus representantes legais s\u00e3o respons\u00e1veis do conte\u00fado e da veracidade das pol\u00edticas de privacidade que possam ter os terceiros mencionados nesta pol\u00edtica de\u00a0cookies.<br \/>\nOs navegadores web s\u00e3o as ferramentas encarregadas de armazenar os\u00a0cookies, e \u00e9 atrav\u00e9s dos navegadores que deve exercer o seu direito de elimina\u00e7\u00e3o ou desativa\u00e7\u00e3o dos\u00a0cookies. Nem esta web nem os seus representantes legais podem garantir a correta ou incorreta manipula\u00e7\u00e3o dos\u00a0cookies\u00a0por parte dos mencionados navegadores.<br \/>\nEm alguns casos \u00e9 necess\u00e1rio instalar\u00a0cookies\u00a0para que o navegador n\u00e3o esque\u00e7a a sua decis\u00e3o de n\u00e3o aceita\u00e7\u00e3o dos mesmos.<br \/>\nNo caso dos\u00a0cookies\u00a0da Google Analytics, esta empresa armazena os\u00a0cookies\u00a0em servidores localizados nos Estados Unidos e compromete-se a n\u00e3o os partilhar com terceiros, exceto nos casos em que tal seja necess\u00e1rio para o funcionamento do sistema ou quando a lei assim o obrigue. De acordo com o Google, o seu endere\u00e7o IP n\u00e3o \u00e9 guardado. A Google Inc. \u00e9 uma empresa que aderiu ao Acordo Porto Seguro, que garante que todos os dados transferidos ser\u00e3o tratados com um n\u00edvel de prote\u00e7\u00e3o conforme \u00e0 normativa europeia. Se pretender obter mais informa\u00e7\u00e3o acerca do uso que o Google d\u00e1 aos\u00a0cookies,\u00a0consulte este outro link.<br \/>\nPara esclarecer qualquer d\u00favida acerca desta pol\u00edtica de\u00a0cookies, n\u00e3o hesite em contactar-nos atrav\u00e9s da sec\u00e7\u00e3o de contacto.<\/p>\n<p>&nbsp;<\/p>\n","protected":false},"author":1,"featured_media":0,"parent":0,"menu_order":0,"comment_status":"closed","ping_status":"closed","template":"","meta":{"inline_featured_image":false},"acf":[],"yoast_head":"<!-- This site is optimized with the Yoast SEO plugin v19.2 - https:\/\/yoast.com\/wordpress\/plugins\/seo\/ -->\n<title>People First - Pol\u00edtica de cookies<\/title>\n<meta name=\"description\" content=\"Las cookies permiten a una p\u00e1gina web, entre otras cosas, almacenar y recuperar informaci\u00f3n sobre los h\u00e1bitos de navegaci\u00f3n de un usuario o de su equipo y, dependiendo de la informaci\u00f3n que contengan y de la forma en que utilice su equipo, pueden utilizarse para reconocer al usuario.\" \/>\n<meta name=\"robots\" content=\"index, follow, max-snippet:-1, max-image-preview:large, max-video-preview:-1\" \/>\n<link rel=\"canonical\" href=\"https:\/\/www.peoplefirst.blog\/pt-pt\/politica-de-cookies\/\" \/>\n<meta property=\"og:locale\" content=\"pt_PT\" \/>\n<meta property=\"og:type\" content=\"article\" \/>\n<meta property=\"og:title\" content=\"People First - Pol\u00edtica de cookies\" \/>\n<meta property=\"og:description\" content=\"Las cookies permiten a una p\u00e1gina web, entre otras cosas, almacenar y recuperar informaci\u00f3n sobre los h\u00e1bitos de navegaci\u00f3n de un usuario o de su equipo y, dependiendo de la informaci\u00f3n que contengan y de la forma en que utilice su equipo, pueden utilizarse para reconocer al usuario.\" \/>\n<meta property=\"og:url\" content=\"https:\/\/www.peoplefirst.blog\/pt-pt\/politica-de-cookies\/\" \/>\n<meta property=\"og:site_name\" content=\"People first\" \/>\n<meta property=\"article:modified_time\" content=\"2019-11-07T14:58:01+00:00\" \/>\n<meta property=\"og:image\" content=\"https:\/\/www.peoplefirst.blog\/wp-content\/uploads\/2020\/09\/PF_imagen_Share_RRSS_PT_Linkedin.png\" \/>\n\t<meta property=\"og:image:width\" content=\"1200\" \/>\n\t<meta property=\"og:image:height\" content=\"627\" \/>\n\t<meta property=\"og:image:type\" content=\"image\/png\" \/>\n<meta name=\"author\" content=\"People first | A project by Eurofirms\" \/>\n<meta name=\"twitter:card\" content=\"summary_large_image\" \/>\n<meta name=\"twitter:label1\" content=\"Tempo estimado de leitura\" \/>\n\t<meta name=\"twitter:data1\" content=\"3 minutos\" \/>\n<script type=\"application\/ld+json\" class=\"yoast-schema-graph\">{\"@context\":\"https:\/\/schema.org\",\"@graph\":[{\"@type\":\"WebSite\",\"@id\":\"https:\/\/www.peoplefirst.blog\/#website\",\"url\":\"https:\/\/www.peoplefirst.blog\/\",\"name\":\"People first\",\"description\":\"A project by Eurofirms Group\",\"potentialAction\":[{\"@type\":\"SearchAction\",\"target\":{\"@type\":\"EntryPoint\",\"urlTemplate\":\"https:\/\/www.peoplefirst.blog\/?s={search_term_string}\"},\"query-input\":\"required name=search_term_string\"}],\"inLanguage\":\"pt-PT\"},{\"@type\":\"WebPage\",\"@id\":\"https:\/\/www.peoplefirst.blog\/pt-pt\/politica-de-cookies\/#webpage\",\"url\":\"https:\/\/www.peoplefirst.blog\/pt-pt\/politica-de-cookies\/\",\"name\":\"People First - Pol\u00edtica de cookies\",\"isPartOf\":{\"@id\":\"https:\/\/www.peoplefirst.blog\/#website\"},\"datePublished\":\"2016-05-04T09:31:53+00:00\",\"dateModified\":\"2019-11-07T14:58:01+00:00\",\"description\":\"Las cookies permiten a una p\u00e1gina web, entre otras cosas, almacenar y recuperar informaci\u00f3n sobre los h\u00e1bitos de navegaci\u00f3n de un usuario o de su equipo y, dependiendo de la informaci\u00f3n que contengan y de la forma en que utilice su equipo, pueden utilizarse para reconocer al usuario.\",\"breadcrumb\":{\"@id\":\"https:\/\/www.peoplefirst.blog\/pt-pt\/politica-de-cookies\/#breadcrumb\"},\"inLanguage\":\"pt-PT\",\"potentialAction\":[{\"@type\":\"ReadAction\",\"target\":[\"https:\/\/www.peoplefirst.blog\/pt-pt\/politica-de-cookies\/\"]}]},{\"@type\":\"BreadcrumbList\",\"@id\":\"https:\/\/www.peoplefirst.blog\/pt-pt\/politica-de-cookies\/#breadcrumb\",\"itemListElement\":[{\"@type\":\"ListItem\",\"position\":1,\"name\":\"Portada\",\"item\":\"https:\/\/www.peoplefirst.blog\/\"},{\"@type\":\"ListItem\",\"position\":2,\"name\":\"Pol\u00edtica de cookies\"}]}]}<\/script>\n<!-- \/ Yoast SEO plugin. -->","yoast_head_json":{"title":"People First - Pol\u00edtica de cookies","description":"Las cookies permiten a una p\u00e1gina web, entre otras cosas, almacenar y recuperar informaci\u00f3n sobre los h\u00e1bitos de navegaci\u00f3n de un usuario o de su equipo y, dependiendo de la informaci\u00f3n que contengan y de la forma en que utilice su equipo, pueden utilizarse para reconocer al usuario.","robots":{"index":"index","follow":"follow","max-snippet":"max-snippet:-1","max-image-preview":"max-image-preview:large","max-video-preview":"max-video-preview:-1"},"canonical":"https:\/\/www.peoplefirst.blog\/pt-pt\/politica-de-cookies\/","og_locale":"pt_PT","og_type":"article","og_title":"People First - Pol\u00edtica de cookies","og_description":"Las cookies permiten a una p\u00e1gina web, entre otras cosas, almacenar y recuperar informaci\u00f3n sobre los h\u00e1bitos de navegaci\u00f3n de un usuario o de su equipo y, dependiendo de la informaci\u00f3n que contengan y de la forma en que utilice su equipo, pueden utilizarse para reconocer al usuario.","og_url":"https:\/\/www.peoplefirst.blog\/pt-pt\/politica-de-cookies\/","og_site_name":"People first","article_modified_time":"2019-11-07T14:58:01+00:00","og_image":[{"width":1200,"height":627,"url":"https:\/\/www.peoplefirst.blog\/wp-content\/uploads\/2020\/09\/PF_imagen_Share_RRSS_PT_Linkedin.png","type":"image\/png"}],"author":"People first | A project by Eurofirms","twitter_card":"summary_large_image","twitter_misc":{"Tempo estimado de leitura":"3 minutos"},"schema":{"@context":"https:\/\/schema.org","@graph":[{"@type":"WebSite","@id":"https:\/\/www.peoplefirst.blog\/#website","url":"https:\/\/www.peoplefirst.blog\/","name":"People first","description":"A project by Eurofirms Group","potentialAction":[{"@type":"SearchAction","target":{"@type":"EntryPoint","urlTemplate":"https:\/\/www.peoplefirst.blog\/?s={search_term_string}"},"query-input":"required name=search_term_string"}],"inLanguage":"pt-PT"},{"@type":"WebPage","@id":"https:\/\/www.peoplefirst.blog\/pt-pt\/politica-de-cookies\/#webpage","url":"https:\/\/www.peoplefirst.blog\/pt-pt\/politica-de-cookies\/","name":"People First - Pol\u00edtica de cookies","isPartOf":{"@id":"https:\/\/www.peoplefirst.blog\/#website"},"datePublished":"2016-05-04T09:31:53+00:00","dateModified":"2019-11-07T14:58:01+00:00","description":"Las cookies permiten a una p\u00e1gina web, entre otras cosas, almacenar y recuperar informaci\u00f3n sobre los h\u00e1bitos de navegaci\u00f3n de un usuario o de su equipo y, dependiendo de la informaci\u00f3n que contengan y de la forma en que utilice su equipo, pueden utilizarse para reconocer al usuario.","breadcrumb":{"@id":"https:\/\/www.peoplefirst.blog\/pt-pt\/politica-de-cookies\/#breadcrumb"},"inLanguage":"pt-PT","potentialAction":[{"@type":"ReadAction","target":["https:\/\/www.peoplefirst.blog\/pt-pt\/politica-de-cookies\/"]}]},{"@type":"BreadcrumbList","@id":"https:\/\/www.peoplefirst.blog\/pt-pt\/politica-de-cookies\/#breadcrumb","itemListElement":[{"@type":"ListItem","position":1,"name":"Portada","item":"https:\/\/www.peoplefirst.blog\/"},{"@type":"ListItem","position":2,"name":"Pol\u00edtica de cookies"}]}]}},"_links":{"self":[{"href":"https:\/\/www.peoplefirst.blog\/pt-pt\/wp-json\/wp\/v2\/pages\/2849"}],"collection":[{"href":"https:\/\/www.peoplefirst.blog\/pt-pt\/wp-json\/wp\/v2\/pages"}],"about":[{"href":"https:\/\/www.peoplefirst.blog\/pt-pt\/wp-json\/wp\/v2\/types\/page"}],"author":[{"embeddable":true,"href":"https:\/\/www.peoplefirst.blog\/pt-pt\/wp-json\/wp\/v2\/users\/1"}],"replies":[{"embeddable":true,"href":"https:\/\/www.peoplefirst.blog\/pt-pt\/wp-json\/wp\/v2\/comments?post=2849"}],"version-history":[{"count":6,"href":"https:\/\/www.peoplefirst.blog\/pt-pt\/wp-json\/wp\/v2\/pages\/2849\/revisions"}],"predecessor-version":[{"id":5333,"href":"https:\/\/www.peoplefirst.blog\/pt-pt\/wp-json\/wp\/v2\/pages\/2849\/revisions\/5333"}],"wp:attachment":[{"href":"https:\/\/www.peoplefirst.blog\/pt-pt\/wp-json\/wp\/v2\/media?parent=2849"}],"curies":[{"name":"wp","href":"https:\/\/api.w.org\/{rel}","templated":true}]}}