{"id":6385,"date":"2016-04-12T15:17:11","date_gmt":"2016-04-12T15:17:11","guid":{"rendered":"https:\/\/www.peoplefirst.blog\/aviso-legal\/"},"modified":"2023-01-23T10:51:29","modified_gmt":"2023-01-23T09:51:29","slug":"legal-notice","status":"publish","type":"page","link":"https:\/\/www.peoplefirst.blog\/en\/legal-notice\/","title":{"rendered":"Legal notice"},"content":{"rendered":"<h1><span style=\"font-size: 36px;\">Legal notice<\/span><\/h1>\n<p>This website is property of EUROFIRMS GROUP S.L.U, domiciles in C. Pla de l\u2019Estany, 17 (17244 Cass\u00e0 de la Selva), Tax Identification Number B55234694, registered in the Trade Registry of Girona, Volume 720, book 169, sheet GI-13787. EUROFIRMS GROUP includes the following companies:<\/p>\n<ul>\n<li>CLAIRE JOSTER GROUP SLU \u2013 B55319099<\/li>\n<li>CORNERJOB SPAIN \u2013 B66621723<\/li>\n<li>EUROFIRMS CHILE EST SPA \u2013 77038711-6<\/li>\n<li>EUROFIRMS ETT, SLU \u2013 B17880550<\/li>\n<li>EUROFIRMS FUNDACI\u00d3 \u2013 G17966532<\/li>\n<li>EUROFIRMS PORTUGAL SGPS \u2013 513756426<\/li>\n<li>EUROFIRMS SERVI\u00c7OS LDA \u2013 510670385<\/li>\n<li>EUROFIRMS TALENT LDA \u2013 513499237<\/li>\n<li>EUROFIRMS TRABALHO TEMPORARIO LDA \u2013 510661408<\/li>\n<li>INNERIA CHILE SPA \u2013 77038708-6<\/li>\n<li>INNERIA CLEANING SLU \u2013 B83944611<\/li>\n<li>INNERIA CONTACT CENTER SLU \u2013 B87558920<\/li>\n<li>INNERIA SOCIAL SLU \u2013 B33846197<\/li>\n<li>INNERIA SOLUTIONS SLU \u2013 B83327460<\/li>\n<li>INNERIA CENTRO ESPECIAL DE EMPLEO \u2013 B93484798<\/li>\n<li>JOB DIGITAL NETWORKS \u2013 B66583907<\/li>\n<li>TALENT SAVIOR TRAINING, SLU \u2013 B17601626<\/li>\n<li>TALENT SAVIOR, SLU \u2013 B86594264<\/li>\n<\/ul>\n<p>&nbsp;<\/p>\n<p>For enquiries or proposals, please contact us by phone +34 972 18 10 10, via email\u00a0<a href=\"mailto:info@eurofirms.com\" target=\"_blank\" rel=\"noopener noreferrer\">info@eurofirms.com<\/a>\u00a0or via\u00a0Data Protection Officer:\u00a0<a href=\"mailto:dpo@eurofirms.com\" target=\"_blank\" rel=\"noopener noreferrer\">dpo@eurofirms.com<\/a>.<\/p>\n<p>This website is governed by legislation exclusively applicable in Spain, and both Spanish nationals and foreigners using this website are subject to it.<\/p>\n<p>USER access to our website is free, provided that the user has read, and fully and expressly accepted without reserve, the GENERAL TERMS AND CONDITIONS OF USE in force at the time of access. The USER hereby accepts and expressly agrees to comply with the general terms and conditions of use at the time of access to our portal. If the user is in disagreement with the conditions of use herein, they should refrain from using or undertaking transactions in this portal.<\/p>\n<p>The format and configuration of our website may be modified unilaterally and without prior notice at any time, increasing or reducing our services, and even deleting the website, services and contents from the Internet.<\/p>\n<p>&nbsp;<\/p>\n<p><strong>INTELLECTUAL PROPERTY<\/strong><\/p>\n<p>All contents, texts, images and source codes are property of EUROFIRMS GROUP, S.L.U. or third parties whose usage rights have been acquired by EUROFIRMS GROUP, and are protected by Intellectual and Industrial Property rights.<\/p>\n<p>Users shall only have the right to private usage, for non-commercial purposes, and may only modify, reproduce, use, distribute and exercise all proprietary rights with express authorisation.<\/p>\n<p>EUROFIRMS is a registered trademark, and without our full authorisation all reproduction, copy, use or insertion of our trademarks is forbidden.<\/p>\n<p>Establishing links to our portal does not confer any rights to these. Moreover, the simple fact of adding a link to our website does not imply collaboration or partnership.<\/p>\n<p>EUROFIRMS GROUP is hereby exempt from liability regarding all claims related to the intellectual property rights of articles and images published by third parties on their website.<\/p>\n<p>Copying of our portal either partially or fully is strictly forbidden.<\/p>\n<p>&nbsp;<\/p>\n<p><strong>CONDITIONS OF ACCES AND USE<\/strong><\/p>\n<p>Access to our Website is free and does not require previous subscription or registration. However, access to certain services is restricted to certain users and requires registration and\/or login with a password. These services shall be duly identified on the Website.<\/p>\n<p>The submission of personal data implies the express acceptance of our privacy policy by the USER.<\/p>\n<p>The user must access our Website in compliance with principles of good faith, rules of public order and these General Terms and Conditions of Use. Access to our website shall be under the sole and exclusive responsibility of the user, who shall be liable for any damages that may be caused to third parties or to ourselves.<\/p>\n<p>It is hereby expressly forbidden for the user to use and acquire the services and contents offered on this website by means other than those stipulated in these Terms and Conditions of Use.<\/p>\n<p>The USER is forbidden from carrying out any activities on our Website that may cause an excessive operating overload of our computer systems and from introducing of viruses, installing bots or software that may alter the normal functioning of our website or may ultimately cause damage to our computer systems.<\/p>\n<p>Taking into account the impossibility of controlling the information, contents and services contained on other websites that can be accessed through links that may be available on our website, we hereby inform you that EUROFIRMS GROUP shall not be liable for damages of any kind that may arise from the use of these external websites by the user.<\/p>\n<p>The EUROFIRMS GROUP reserves the unilateral right to remove, without prior notice, any USER that the organisation understands to have violated the terms and conditions governing the use of our website. The USER shall have no right to any claim against these types of action. In addition, the EUROFIRMS GROUP reserves the right to take the appropriate legal actions against anyone who violates these terms and general conditions of use. USERS hereby agree that the non-initiation of legal actions does not constitute a formal waiver, and that they remain in force until the infractions prescribe legally.<\/p>\n<p>&nbsp;<\/p>\n<p><strong>PRIVACY POLICY<\/strong><\/p>\n<p>Confidentiality and security are core values of the EUROFIRMS GROUP and we are therefore committed to guaranteeing the privacy of the User at all times, and to not collecting any unnecessary information.<\/p>\n<p>The submission of personal data through our portal is subject to the user being at least 14 years of age, and the express acceptance of our\u00a0<a href=\"https:\/\/www.eurofirms.com\/privacypolicy\/\" target=\"_blank\" rel=\"noopener noreferrer\">Privacy Policy<\/a>.<\/p>\n<p>&nbsp;<\/p>\n<p><strong>RESPONSABILITIES<\/strong><\/p>\n<p>By making this Website available to the user, our intention is to offer high quality services, provided with the utmost diligence and the most up to date technology. However, we shall not be responsible for the existence of viruses and other element that may damage the user\u2019s computer system.<\/p>\n<p>The EUROFIRMS GROUP does not guarantee the continuous and uninterrupted availability of the service, as a result of problems in the Internet network, computer systems may failing, or other unforeseeable circumstances. Therefore, the USER hereby agrees to accept these circumstances, within reasonable limits, and hereby expressly waives all liability claims against EUROFIRMS GROUP for possible service issues.<\/p>\n<p>The USER assumes all responsibility attached to the use of our Website, being solely responsible for any direct or indirect effect on the website including, but not limited to, any adverse financial, technical and\/or legal outcomes, or the failure to meet the expectations generated by our portal. The EUROFIRMS GROUP shall not be held liable for any claims resulting directly or indirectly from such actions.<\/p>\n<p>The EUROFIRMS GROUP does not guarantee the accuracy, veracity and\/or validity of the contents of this website, whether the contents are property of the group, of third parties, or links from other websites, and is hereby released from all liability arising from the use of such contents.<\/p>\n<p>EUROFIRMS GROUP is hereby released from any liability arising from all claims, including the payment of lawyer\u2019s fees, lawsuits and complaints by third parties for all breaches by the USER of our terms and conditions of use, access and privacy policy, and any other claim for non-compliance with current legislation.<\/p>\n<p>The USER hereby confirms that they have understood all the information regarding the terms and conditions of use of our portal and acknowledges that these are sufficient to exclude any misunderstanding of the same, and therefore expressly accepts them in their entirety.<\/p>\n<p>The USER is fully aware of the fact that merely accessing this website and using its services constitutes acceptance of the terms and conditions of use herein.<\/p>\n<p>Everything concerning our website is governed by Spanish law. Should there be any disagreement or dispute between the parties in connection with the interpretation or content of this website, the parties hereby agree to waive any other jurisdiction that may be applicable, being subject solely to the Jurisdiction of the Courts of Girona.<\/p>\n<p>&nbsp;<\/p>\n<p><strong>VALIDITY OF THE GENERAL TERMS AND CONDITIONS OF USE<\/strong><\/p>\n<p>These Terms and Conditions of Use have been modified on 22\/08\/2019. Changes may be made at any time: please check the publication date each time you access our Website to make sure that no changes have been made that may affect you.<\/p>\n<p>For any queries regarding the Terms and Conditions of Use of our website, please contact us in the manner indicated above or through Lant Abogados at\u00a0<a href=\"mailto:info@lant-abogados.com\" target=\"_blank\" rel=\"noopener noreferrer\">info@lant-abogados.com<\/a>\u00a0or at\u00a0<a href=\"http:\/\/www.lant-abogados.com\/\" target=\"_blank\" rel=\"noopener noreferrer\">www.lant-abogados.com<\/a>.<\/p>\n","protected":false},"excerpt":{"rendered":"<p>Legal notice<br \/>\nThis website is property of EUROFIRMS GROUP S.L.U, domiciles in C. Pla de l\u2019Estany, 17 (17244 Cass\u00e0 de la Selva), Tax Identification Number B55234694, registered in the Trade Registry of Girona, Volume 720, book 169, sheet GI-13787. EUROFIRMS GROUP includes the following companies:<\/p>\n<p>CLAIRE JOSTER GROUP SLU \u2013 B55319099<br \/>\nCORNERJOB SPAIN \u2013 B66621723<br \/>\nEUROFIRMS CHILE EST SPA \u2013 77038711-6<br \/>\nEUROFIRMS ETT, SLU \u2013 B17880550<br \/>\nEUROFIRMS FUNDACI\u00d3 \u2013 G17966532<br \/>\nEUROFIRMS PORTUGAL SGPS \u2013 513756426<br \/>\nEUROFIRMS SERVI\u00c7OS LDA \u2013 510670385<br \/>\nEUROFIRMS TALENT LDA \u2013 513499237<br \/>\nEUROFIRMS TRABALHO TEMPORARIO LDA \u2013 510661408<br \/>\nINNERIA CHILE SPA \u2013 77038708-6<br \/>\nINNERIA CLEANING SLU \u2013 B83944611<br \/>\nINNERIA CONTACT CENTER SLU \u2013 B87558920<br \/>\nINNERIA SOCIAL SLU \u2013 B33846197<br \/>\nINNERIA SOLUTIONS SLU \u2013 B83327460<br \/>\nINNERIA CENTRO ESPECIAL DE EMPLEO \u2013 B93484798<br \/>\nJOB DIGITAL NETWORKS \u2013 B66583907<br \/>\nTALENT SAVIOR TRAINING, SLU \u2013 B17601626<br \/>\nTALENT SAVIOR, SLU \u2013 B86594264<\/p>\n<p>&nbsp;<br \/>\nFor enquiries or proposals, please contact us by phone +34 972 18 10 10, via email\u00a0info@eurofirms.com\u00a0or via\u00a0Data Protection Officer:\u00a0dpo@eurofirms.com.<br \/>\nThis website is governed by legislation exclusively applicable in Spain, and both Spanish nationals and foreigners using this website are subject to it.<br \/>\nUSER access to our website is free, provided that the user has read, and fully and expressly accepted without reserve, the GENERAL TERMS AND CONDITIONS OF USE in force at the time of access. The USER hereby accepts and expressly agrees to comply with the general terms and conditions of use at the time of access to our portal. If the user is in disagreement with the conditions of use herein, they should refrain from using or undertaking transactions in this portal.<br \/>\nThe format and configuration of our website may be modified unilaterally and without prior notice at any time, increasing or reducing our services, and even deleting the website, services and contents from the Internet.<br \/>\n&nbsp;<br \/>\nINTELLECTUAL PROPERTY<br \/>\nAll contents, texts, images and source codes are property of EUROFIRMS GROUP, S.L.U. or third parties whose usage rights have been acquired by EUROFIRMS GROUP, and are protected by Intellectual and Industrial Property rights.<br \/>\nUsers shall only have the right to private usage, for non-commercial purposes, and may only modify, reproduce, use, distribute and exercise all proprietary rights with express authorisation.<br \/>\nEUROFIRMS is a registered trademark, and without our full authorisation all reproduction, copy, use or insertion of our trademarks is forbidden.<br \/>\nEstablishing links to our portal does not confer any rights to these. Moreover, the simple fact of adding a link to our website does not imply collaboration or partnership.<br \/>\nEUROFIRMS GROUP is hereby exempt from liability regarding all claims related to the intellectual property rights of articles and images published by third parties on their website.<br \/>\nCopying of our portal either partially or fully is strictly forbidden.<br \/>\n&nbsp;<br \/>\nCONDITIONS OF ACCES AND USE<br \/>\nAccess to our Website is free and does not require previous subscription or registration. However, access to certain services is restricted to certain users and requires registration and\/or login with a password. These services shall be duly identified on the Website.<br \/>\nThe submission of personal data implies the express acceptance of our privacy policy by the USER.<br \/>\nThe user must access our Website in compliance with principles of good faith, rules of public order and these General Terms and Conditions of Use. Access to our website shall be under the sole and exclusive responsibility of the user, who shall be liable for any damages that may be caused to third parties or to ourselves.<br \/>\nIt is hereby expressly forbidden for the user to use and acquire the services and contents offered on this website by means other than those stipulated in these Terms and Conditions of Use.<br \/>\nThe USER is forbidden from carrying out any activities on our Website that may cause an excessive operating overload of our computer systems and from introducing of viruses, installing bots or software that may alter the normal functioning of our website or may ultimately cause damage to our computer systems.<br \/>\nTaking into account the impossibility of controlling the information, contents and services contained on other websites that can be accessed through links that may be available on our website, we hereby inform you that EUROFIRMS GROUP shall not be liable for damages of any kind that may arise from the use of these external websites by the user.<br \/>\nThe EUROFIRMS GROUP reserves the unilateral right to remove, without prior notice, any USER that the organisation understands to have violated the terms and conditions governing the use of our website. The USER shall have no right to any claim against these types of action. In addition, the EUROFIRMS GROUP reserves the right to take the appropriate legal actions against anyone who violates these terms and general conditions of use. USERS hereby agree that the non-initiation of legal actions does not constitute a formal waiver, and that they remain in force until the infractions prescribe legally.<br \/>\n&nbsp;<br \/>\nPRIVACY POLICY<br \/>\nConfidentiality and security are core values of the EUROFIRMS GROUP and we are therefore committed to guaranteeing the privacy of the User at all times, and to not collecting any unnecessary information.<br \/>\nThe submission of personal data through our portal is subject to the user being at least 14 years of age, and the express acceptance of our\u00a0Privacy Policy.<br \/>\n&nbsp;<br \/>\nRESPONSABILITIES<br \/>\nBy making this Website available to the user, our intention is to offer high quality services, provided with the utmost diligence and the most up to date technology. However, we shall not be responsible for the existence of viruses and other element that may damage the user\u2019s computer system.<br \/>\nThe EUROFIRMS GROUP does not guarantee the continuous and uninterrupted availability of the service, as a result of problems in the Internet network, computer systems may failing, or other unforeseeable circumstances. Therefore, the USER hereby agrees to accept these circumstances, within reasonable limits, and hereby expressly waives all liability claims against EUROFIRMS GROUP for possible service issues.<br \/>\nThe USER assumes all responsibility attached to the use of our Website, being solely responsible for any direct or indirect effect on the website including, but not limited to, any adverse financial, technical and\/or legal outcomes, or the failure to meet the expectations generated by our portal. The EUROFIRMS GROUP shall not be held liable for any claims resulting directly or indirectly from such actions.<br \/>\nThe EUROFIRMS GROUP does not guarantee the accuracy, veracity and\/or validity of the contents of this website, whether the contents are property of the group, of third parties, or links from other websites, and is hereby released from all liability arising from the use of such contents.<br \/>\nEUROFIRMS GROUP is hereby released from any liability arising from all claims, including the payment of lawyer\u2019s fees, lawsuits and complaints by third parties for all breaches by the USER of our terms and conditions of use, access and privacy policy, and any other claim for non-compliance with current legislation.<br \/>\nThe USER hereby confirms that they have understood all the information regarding the terms and conditions of use of our portal and acknowledges that these are sufficient to exclude any misunderstanding of the same, and therefore expressly accepts them in their entirety.<br \/>\nThe USER is fully aware of the fact that merely accessing this website and using its services constitutes acceptance of the terms and conditions of use herein.<br \/>\nEverything concerning our website is governed by Spanish law. Should there be any disagreement or dispute between the parties in connection with the interpretation or content of this website, the parties hereby agree to waive any other jurisdiction that may be applicable, being subject solely to the Jurisdiction of the Courts of Girona.<br \/>\n&nbsp;<br \/>\nVALIDITY OF THE GENERAL TERMS AND CONDITIONS OF USE<br \/>\nThese Terms and Conditions of Use have been modified on 22\/08\/2019. Changes may be made at any time: please check the publication date each time you access our Website to make sure that no changes have been made that may affect you.<br \/>\nFor any queries regarding the Terms and Conditions of Use of our website, please contact us in the manner indicated above or through Lant Abogados at\u00a0info@lant-abogados.com\u00a0or at\u00a0www.lant-abogados.com.<\/p>\n","protected":false},"author":1,"featured_media":0,"parent":0,"menu_order":0,"comment_status":"closed","ping_status":"closed","template":"","meta":{"inline_featured_image":false},"acf":[],"yoast_head":"<!-- This site is optimized with the Yoast SEO plugin v19.2 - https:\/\/yoast.com\/wordpress\/plugins\/seo\/ -->\n<title>People First - Aviso legal<\/title>\n<meta name=\"description\" content=\"Todos los contenidos del website www.peoplefirst.blog, sean textos, im\u00e1genes, sonidos, ficheros, animaciones o cualquier otro elemento de su dise\u00f1o o estructura, son propiedad exclusiva de EUROFIRMS GROUP, S.L.U., sociedad titular de la p\u00e1gina web con CIF B55234694, inscrita en el Registro Mercantil de Girona, Tom 720.\" \/>\n<meta name=\"robots\" content=\"index, follow, max-snippet:-1, max-image-preview:large, max-video-preview:-1\" \/>\n<link rel=\"canonical\" href=\"https:\/\/www.peoplefirst.blog\/en\/legal-notice\/\" \/>\n<meta property=\"og:locale\" content=\"en_US\" \/>\n<meta property=\"og:type\" content=\"article\" \/>\n<meta property=\"og:title\" content=\"People First - Aviso legal\" \/>\n<meta property=\"og:description\" content=\"Todos los contenidos del website www.peoplefirst.blog, sean textos, im\u00e1genes, sonidos, ficheros, animaciones o cualquier otro elemento de su dise\u00f1o o estructura, son propiedad exclusiva de EUROFIRMS GROUP, S.L.U., sociedad titular de la p\u00e1gina web con CIF B55234694, inscrita en el Registro Mercantil de Girona, Tom 720.\" \/>\n<meta property=\"og:url\" content=\"https:\/\/www.peoplefirst.blog\/en\/legal-notice\/\" \/>\n<meta property=\"og:site_name\" content=\"People first\" \/>\n<meta property=\"article:modified_time\" content=\"2023-01-23T09:51:29+00:00\" \/>\n<meta property=\"og:image\" content=\"https:\/\/www.peoplefirst.blog\/wp-content\/uploads\/2020\/09\/PF_imagen_Share_RRSS_PT_Linkedin.png\" \/>\n\t<meta property=\"og:image:width\" content=\"1200\" \/>\n\t<meta property=\"og:image:height\" content=\"627\" \/>\n\t<meta property=\"og:image:type\" content=\"image\/png\" \/>\n<meta name=\"author\" content=\"People first | A project by Eurofirms\" \/>\n<meta name=\"twitter:card\" content=\"summary_large_image\" \/>\n<meta name=\"twitter:label1\" content=\"Est. reading time\" \/>\n\t<meta name=\"twitter:data1\" content=\"7 minutes\" \/>\n<script type=\"application\/ld+json\" class=\"yoast-schema-graph\">{\"@context\":\"https:\/\/schema.org\",\"@graph\":[{\"@type\":\"WebSite\",\"@id\":\"https:\/\/www.peoplefirst.blog\/#website\",\"url\":\"https:\/\/www.peoplefirst.blog\/\",\"name\":\"People first\",\"description\":\"A project by Eurofirms Group\",\"potentialAction\":[{\"@type\":\"SearchAction\",\"target\":{\"@type\":\"EntryPoint\",\"urlTemplate\":\"https:\/\/www.peoplefirst.blog\/?s={search_term_string}\"},\"query-input\":\"required name=search_term_string\"}],\"inLanguage\":\"en-US\"},{\"@type\":\"WebPage\",\"@id\":\"https:\/\/www.peoplefirst.blog\/en\/legal-notice\/#webpage\",\"url\":\"https:\/\/www.peoplefirst.blog\/en\/legal-notice\/\",\"name\":\"People First - Aviso legal\",\"isPartOf\":{\"@id\":\"https:\/\/www.peoplefirst.blog\/#website\"},\"datePublished\":\"2016-04-12T15:17:11+00:00\",\"dateModified\":\"2023-01-23T09:51:29+00:00\",\"description\":\"Todos los contenidos del website www.peoplefirst.blog, sean textos, im\u00e1genes, sonidos, ficheros, animaciones o cualquier otro elemento de su dise\u00f1o o estructura, son propiedad exclusiva de EUROFIRMS GROUP, S.L.U., sociedad titular de la p\u00e1gina web con CIF B55234694, inscrita en el Registro Mercantil de Girona, Tom 720.\",\"breadcrumb\":{\"@id\":\"https:\/\/www.peoplefirst.blog\/en\/legal-notice\/#breadcrumb\"},\"inLanguage\":\"en-US\",\"potentialAction\":[{\"@type\":\"ReadAction\",\"target\":[\"https:\/\/www.peoplefirst.blog\/en\/legal-notice\/\"]}]},{\"@type\":\"BreadcrumbList\",\"@id\":\"https:\/\/www.peoplefirst.blog\/en\/legal-notice\/#breadcrumb\",\"itemListElement\":[{\"@type\":\"ListItem\",\"position\":1,\"name\":\"Portada\",\"item\":\"https:\/\/www.peoplefirst.blog\/\"},{\"@type\":\"ListItem\",\"position\":2,\"name\":\"Legal notice\"}]}]}<\/script>\n<!-- \/ Yoast SEO plugin. -->","yoast_head_json":{"title":"People First - Aviso legal","description":"Todos los contenidos del website www.peoplefirst.blog, sean textos, im\u00e1genes, sonidos, ficheros, animaciones o cualquier otro elemento de su dise\u00f1o o estructura, son propiedad exclusiva de EUROFIRMS GROUP, S.L.U., sociedad titular de la p\u00e1gina web con CIF B55234694, inscrita en el Registro Mercantil de Girona, Tom 720.","robots":{"index":"index","follow":"follow","max-snippet":"max-snippet:-1","max-image-preview":"max-image-preview:large","max-video-preview":"max-video-preview:-1"},"canonical":"https:\/\/www.peoplefirst.blog\/en\/legal-notice\/","og_locale":"en_US","og_type":"article","og_title":"People First - Aviso legal","og_description":"Todos los contenidos del website www.peoplefirst.blog, sean textos, im\u00e1genes, sonidos, ficheros, animaciones o cualquier otro elemento de su dise\u00f1o o estructura, son propiedad exclusiva de EUROFIRMS GROUP, S.L.U., sociedad titular de la p\u00e1gina web con CIF B55234694, inscrita en el Registro Mercantil de Girona, Tom 720.","og_url":"https:\/\/www.peoplefirst.blog\/en\/legal-notice\/","og_site_name":"People first","article_modified_time":"2023-01-23T09:51:29+00:00","og_image":[{"width":1200,"height":627,"url":"https:\/\/www.peoplefirst.blog\/wp-content\/uploads\/2020\/09\/PF_imagen_Share_RRSS_PT_Linkedin.png","type":"image\/png"}],"author":"People first | A project by Eurofirms","twitter_card":"summary_large_image","twitter_misc":{"Est. reading time":"7 minutes"},"schema":{"@context":"https:\/\/schema.org","@graph":[{"@type":"WebSite","@id":"https:\/\/www.peoplefirst.blog\/#website","url":"https:\/\/www.peoplefirst.blog\/","name":"People first","description":"A project by Eurofirms Group","potentialAction":[{"@type":"SearchAction","target":{"@type":"EntryPoint","urlTemplate":"https:\/\/www.peoplefirst.blog\/?s={search_term_string}"},"query-input":"required name=search_term_string"}],"inLanguage":"en-US"},{"@type":"WebPage","@id":"https:\/\/www.peoplefirst.blog\/en\/legal-notice\/#webpage","url":"https:\/\/www.peoplefirst.blog\/en\/legal-notice\/","name":"People First - Aviso legal","isPartOf":{"@id":"https:\/\/www.peoplefirst.blog\/#website"},"datePublished":"2016-04-12T15:17:11+00:00","dateModified":"2023-01-23T09:51:29+00:00","description":"Todos los contenidos del website www.peoplefirst.blog, sean textos, im\u00e1genes, sonidos, ficheros, animaciones o cualquier otro elemento de su dise\u00f1o o estructura, son propiedad exclusiva de EUROFIRMS GROUP, S.L.U., sociedad titular de la p\u00e1gina web con CIF B55234694, inscrita en el Registro Mercantil de Girona, Tom 720.","breadcrumb":{"@id":"https:\/\/www.peoplefirst.blog\/en\/legal-notice\/#breadcrumb"},"inLanguage":"en-US","potentialAction":[{"@type":"ReadAction","target":["https:\/\/www.peoplefirst.blog\/en\/legal-notice\/"]}]},{"@type":"BreadcrumbList","@id":"https:\/\/www.peoplefirst.blog\/en\/legal-notice\/#breadcrumb","itemListElement":[{"@type":"ListItem","position":1,"name":"Portada","item":"https:\/\/www.peoplefirst.blog\/"},{"@type":"ListItem","position":2,"name":"Legal notice"}]}]}},"_links":{"self":[{"href":"https:\/\/www.peoplefirst.blog\/en\/wp-json\/wp\/v2\/pages\/6385"}],"collection":[{"href":"https:\/\/www.peoplefirst.blog\/en\/wp-json\/wp\/v2\/pages"}],"about":[{"href":"https:\/\/www.peoplefirst.blog\/en\/wp-json\/wp\/v2\/types\/page"}],"author":[{"embeddable":true,"href":"https:\/\/www.peoplefirst.blog\/en\/wp-json\/wp\/v2\/users\/1"}],"replies":[{"embeddable":true,"href":"https:\/\/www.peoplefirst.blog\/en\/wp-json\/wp\/v2\/comments?post=6385"}],"version-history":[{"count":5,"href":"https:\/\/www.peoplefirst.blog\/en\/wp-json\/wp\/v2\/pages\/6385\/revisions"}],"predecessor-version":[{"id":9022,"href":"https:\/\/www.peoplefirst.blog\/en\/wp-json\/wp\/v2\/pages\/6385\/revisions\/9022"}],"wp:attachment":[{"href":"https:\/\/www.peoplefirst.blog\/en\/wp-json\/wp\/v2\/media?parent=6385"}],"curies":[{"name":"wp","href":"https:\/\/api.w.org\/{rel}","templated":true}]}}