{"id":6379,"date":"2016-09-02T07:11:18","date_gmt":"2016-09-02T05:11:18","guid":{"rendered":"https:\/\/www.peoplefirst.blog\/people-first\/"},"modified":"2020-05-29T13:17:40","modified_gmt":"2020-05-29T11:17:40","slug":"people-first","status":"publish","type":"page","link":"https:\/\/www.peoplefirst.blog\/en\/people-first\/","title":{"rendered":"People first"},"content":{"rendered":"<p>People first is an inspirational space where companies and professionals can share content with a common axis: people. From different perspectives and sectors, we address different topics, trends and news of human interest<\/p>\n<p>Values, innovation, talent, social networks, technology, diversity, community, work, culture, motivation, future &#8230; A universe of words that share the same concept: <strong>people.<\/strong><\/p>\n<p>Many organizations and companies care about people and are carrying out good practices anonymously. Through People First we give you the opportunity to meet them.<\/p>\n<p>&nbsp;<\/p>\n<p>We believe in people to contribute to the progress of society. We do our bit through People First to create a better world.<\/p>\n<p>&nbsp;<\/p>\n<p><strong>We invite you to get inspired by People first.<\/strong><\/p>\n","protected":false},"excerpt":{"rendered":"<p>People first is an inspirational space where companies and professionals can share content with a common axis: people. From different perspectives and sectors, we address different topics, trends and news of human interest<br \/>\nValues, innovation, talent, social networks, technology, diversity, community, work, culture, motivation, future &#8230; A universe of words that share the same concept: people.<br \/>\nMany organizations and companies care about people and are carrying out good practices anonymously. Through People First we give you the opportunity to meet them.<br \/>\n&nbsp;<br \/>\nWe believe in people to contribute to the progress of society. We do our bit through People First to create a better world.<br \/>\n&nbsp;<br \/>\nWe invite you to get inspired by People first.<\/p>\n","protected":false},"author":1,"featured_media":6381,"parent":0,"menu_order":0,"comment_status":"closed","ping_status":"closed","template":"","meta":{"inline_featured_image":false},"acf":[],"yoast_head":"<!-- This site is optimized with the Yoast SEO plugin v19.2 - https:\/\/yoast.com\/wordpress\/plugins\/seo\/ -->\n<title>People First<\/title>\n<meta name=\"description\" content=\"People First es un espacio de inspiraci\u00f3n donde empresas y profesionales podemos compartir contenidos con un eje com\u00fan: las personas. Desde distintas \u00f3pticas y sectores, abordamos distintos temas, tendencias y noticias de inter\u00e9s humano.\" \/>\n<meta name=\"robots\" content=\"index, follow, max-snippet:-1, max-image-preview:large, max-video-preview:-1\" \/>\n<link rel=\"canonical\" href=\"https:\/\/www.peoplefirst.blog\/en\/people-first\/\" \/>\n<meta property=\"og:locale\" content=\"en_US\" \/>\n<meta property=\"og:type\" content=\"article\" \/>\n<meta property=\"og:title\" content=\"People First\" \/>\n<meta property=\"og:description\" content=\"People First es un espacio de inspiraci\u00f3n donde empresas y profesionales podemos compartir contenidos con un eje com\u00fan: las personas. Desde distintas \u00f3pticas y sectores, abordamos distintos temas, tendencias y noticias de inter\u00e9s humano.\" \/>\n<meta property=\"og:url\" content=\"https:\/\/www.peoplefirst.blog\/en\/people-first\/\" \/>\n<meta property=\"og:site_name\" content=\"People first\" \/>\n<meta property=\"article:modified_time\" content=\"2020-05-29T11:17:40+00:00\" \/>\n<meta property=\"og:image\" content=\"https:\/\/www.peoplefirst.blog\/wp-content\/uploads\/2019\/09\/Sobre-Nosotros-Imatge-destacada-3744x2112px-1.png\" \/>\n\t<meta property=\"og:image:width\" content=\"3744\" \/>\n\t<meta property=\"og:image:height\" content=\"2112\" \/>\n\t<meta property=\"og:image:type\" content=\"image\/png\" \/>\n<meta name=\"author\" content=\"People first | A project by Eurofirms\" \/>\n<meta name=\"twitter:card\" content=\"summary_large_image\" \/>\n<meta name=\"twitter:label1\" content=\"Est. reading time\" \/>\n\t<meta name=\"twitter:data1\" content=\"1 minute\" \/>\n<script type=\"application\/ld+json\" class=\"yoast-schema-graph\">{\"@context\":\"https:\/\/schema.org\",\"@graph\":[{\"@type\":\"WebSite\",\"@id\":\"https:\/\/www.peoplefirst.blog\/#website\",\"url\":\"https:\/\/www.peoplefirst.blog\/\",\"name\":\"People first\",\"description\":\"A project by Eurofirms Group\",\"potentialAction\":[{\"@type\":\"SearchAction\",\"target\":{\"@type\":\"EntryPoint\",\"urlTemplate\":\"https:\/\/www.peoplefirst.blog\/?s={search_term_string}\"},\"query-input\":\"required name=search_term_string\"}],\"inLanguage\":\"en-US\"},{\"@type\":\"ImageObject\",\"inLanguage\":\"en-US\",\"@id\":\"https:\/\/www.peoplefirst.blog\/en\/people-first\/#primaryimage\",\"url\":\"https:\/\/www.peoplefirst.blog\/wp-content\/uploads\/2019\/09\/Sobre-Nosotros-Imatge-destacada-3744x2112px-1.png\",\"contentUrl\":\"https:\/\/www.peoplefirst.blog\/wp-content\/uploads\/2019\/09\/Sobre-Nosotros-Imatge-destacada-3744x2112px-1.png\",\"width\":3744,\"height\":2112},{\"@type\":\"WebPage\",\"@id\":\"https:\/\/www.peoplefirst.blog\/en\/people-first\/#webpage\",\"url\":\"https:\/\/www.peoplefirst.blog\/en\/people-first\/\",\"name\":\"People First\",\"isPartOf\":{\"@id\":\"https:\/\/www.peoplefirst.blog\/#website\"},\"primaryImageOfPage\":{\"@id\":\"https:\/\/www.peoplefirst.blog\/en\/people-first\/#primaryimage\"},\"datePublished\":\"2016-09-02T05:11:18+00:00\",\"dateModified\":\"2020-05-29T11:17:40+00:00\",\"description\":\"People First es un espacio de inspiraci\u00f3n donde empresas y profesionales podemos compartir contenidos con un eje com\u00fan: las personas. Desde distintas \u00f3pticas y sectores, abordamos distintos temas, tendencias y noticias de inter\u00e9s humano.\",\"breadcrumb\":{\"@id\":\"https:\/\/www.peoplefirst.blog\/en\/people-first\/#breadcrumb\"},\"inLanguage\":\"en-US\",\"potentialAction\":[{\"@type\":\"ReadAction\",\"target\":[\"https:\/\/www.peoplefirst.blog\/en\/people-first\/\"]}]},{\"@type\":\"BreadcrumbList\",\"@id\":\"https:\/\/www.peoplefirst.blog\/en\/people-first\/#breadcrumb\",\"itemListElement\":[{\"@type\":\"ListItem\",\"position\":1,\"name\":\"Portada\",\"item\":\"https:\/\/www.peoplefirst.blog\/\"},{\"@type\":\"ListItem\",\"position\":2,\"name\":\"People first\"}]}]}<\/script>\n<!-- \/ Yoast SEO plugin. -->","yoast_head_json":{"title":"People First","description":"People First es un espacio de inspiraci\u00f3n donde empresas y profesionales podemos compartir contenidos con un eje com\u00fan: las personas. Desde distintas \u00f3pticas y sectores, abordamos distintos temas, tendencias y noticias de inter\u00e9s humano.","robots":{"index":"index","follow":"follow","max-snippet":"max-snippet:-1","max-image-preview":"max-image-preview:large","max-video-preview":"max-video-preview:-1"},"canonical":"https:\/\/www.peoplefirst.blog\/en\/people-first\/","og_locale":"en_US","og_type":"article","og_title":"People First","og_description":"People First es un espacio de inspiraci\u00f3n donde empresas y profesionales podemos compartir contenidos con un eje com\u00fan: las personas. Desde distintas \u00f3pticas y sectores, abordamos distintos temas, tendencias y noticias de inter\u00e9s humano.","og_url":"https:\/\/www.peoplefirst.blog\/en\/people-first\/","og_site_name":"People first","article_modified_time":"2020-05-29T11:17:40+00:00","og_image":[{"width":3744,"height":2112,"url":"https:\/\/www.peoplefirst.blog\/wp-content\/uploads\/2019\/09\/Sobre-Nosotros-Imatge-destacada-3744x2112px-1.png","type":"image\/png"}],"author":"People first | A project by Eurofirms","twitter_card":"summary_large_image","twitter_misc":{"Est. reading time":"1 minute"},"schema":{"@context":"https:\/\/schema.org","@graph":[{"@type":"WebSite","@id":"https:\/\/www.peoplefirst.blog\/#website","url":"https:\/\/www.peoplefirst.blog\/","name":"People first","description":"A project by Eurofirms Group","potentialAction":[{"@type":"SearchAction","target":{"@type":"EntryPoint","urlTemplate":"https:\/\/www.peoplefirst.blog\/?s={search_term_string}"},"query-input":"required name=search_term_string"}],"inLanguage":"en-US"},{"@type":"ImageObject","inLanguage":"en-US","@id":"https:\/\/www.peoplefirst.blog\/en\/people-first\/#primaryimage","url":"https:\/\/www.peoplefirst.blog\/wp-content\/uploads\/2019\/09\/Sobre-Nosotros-Imatge-destacada-3744x2112px-1.png","contentUrl":"https:\/\/www.peoplefirst.blog\/wp-content\/uploads\/2019\/09\/Sobre-Nosotros-Imatge-destacada-3744x2112px-1.png","width":3744,"height":2112},{"@type":"WebPage","@id":"https:\/\/www.peoplefirst.blog\/en\/people-first\/#webpage","url":"https:\/\/www.peoplefirst.blog\/en\/people-first\/","name":"People First","isPartOf":{"@id":"https:\/\/www.peoplefirst.blog\/#website"},"primaryImageOfPage":{"@id":"https:\/\/www.peoplefirst.blog\/en\/people-first\/#primaryimage"},"datePublished":"2016-09-02T05:11:18+00:00","dateModified":"2020-05-29T11:17:40+00:00","description":"People First es un espacio de inspiraci\u00f3n donde empresas y profesionales podemos compartir contenidos con un eje com\u00fan: las personas. Desde distintas \u00f3pticas y sectores, abordamos distintos temas, tendencias y noticias de inter\u00e9s humano.","breadcrumb":{"@id":"https:\/\/www.peoplefirst.blog\/en\/people-first\/#breadcrumb"},"inLanguage":"en-US","potentialAction":[{"@type":"ReadAction","target":["https:\/\/www.peoplefirst.blog\/en\/people-first\/"]}]},{"@type":"BreadcrumbList","@id":"https:\/\/www.peoplefirst.blog\/en\/people-first\/#breadcrumb","itemListElement":[{"@type":"ListItem","position":1,"name":"Portada","item":"https:\/\/www.peoplefirst.blog\/"},{"@type":"ListItem","position":2,"name":"People first"}]}]}},"_links":{"self":[{"href":"https:\/\/www.peoplefirst.blog\/en\/wp-json\/wp\/v2\/pages\/6379"}],"collection":[{"href":"https:\/\/www.peoplefirst.blog\/en\/wp-json\/wp\/v2\/pages"}],"about":[{"href":"https:\/\/www.peoplefirst.blog\/en\/wp-json\/wp\/v2\/types\/page"}],"author":[{"embeddable":true,"href":"https:\/\/www.peoplefirst.blog\/en\/wp-json\/wp\/v2\/users\/1"}],"replies":[{"embeddable":true,"href":"https:\/\/www.peoplefirst.blog\/en\/wp-json\/wp\/v2\/comments?post=6379"}],"version-history":[{"count":2,"href":"https:\/\/www.peoplefirst.blog\/en\/wp-json\/wp\/v2\/pages\/6379\/revisions"}],"predecessor-version":[{"id":6394,"href":"https:\/\/www.peoplefirst.blog\/en\/wp-json\/wp\/v2\/pages\/6379\/revisions\/6394"}],"wp:featuredmedia":[{"embeddable":true,"href":"https:\/\/www.peoplefirst.blog\/en\/wp-json\/wp\/v2\/media\/6381"}],"wp:attachment":[{"href":"https:\/\/www.peoplefirst.blog\/en\/wp-json\/wp\/v2\/media?parent=6379"}],"curies":[{"name":"wp","href":"https:\/\/api.w.org\/{rel}","templated":true}]}}